{"id":3636,"date":"2022-09-04T03:57:13","date_gmt":"2022-09-04T03:57:13","guid":{"rendered":"https:\/\/solevatec.es\/contact"},"modified":"2025-11-10T19:39:12","modified_gmt":"2025-11-10T19:39:12","slug":"contact","status":"publish","type":"page","link":"https:\/\/solevatec.es\/en\/contact","title":{"rendered":"Contact"},"content":{"rendered":"\t\t<div data-elementor-type=\"wp-page\" data-elementor-id=\"3636\" class=\"elementor elementor-3636 elementor-3307\" data-elementor-post-type=\"page\">\n\t\t\t\t<div class=\"elementor-element elementor-element-446ed8ff e-con-full e-flex e-con e-parent\" data-id=\"446ed8ff\" data-element_type=\"container\" data-e-type=\"container\">\n\t\t\t\t<div class=\"elementor-element elementor-element-4e82694 elementor-widget elementor-widget-text-editor\" data-id=\"4e82694\" data-element_type=\"widget\" data-e-type=\"widget\" data-widget_type=\"text-editor.default\">\n\t\t\t\t<div class=\"elementor-widget-container\">\n\t\t\t\t\t\t\t\t\t<p>If you wish to receive a quotation, please fill in all the attached fields.<\/p>\t\t\t\t\t\t\t\t<\/div>\n\t\t\t\t<\/div>\n\t\t\t\t<\/div>\n\t\t<div class=\"elementor-element elementor-element-4a51d24 e-con-full e-flex e-con e-parent\" data-id=\"4a51d24\" data-element_type=\"container\" data-e-type=\"container\">\n\t\t\t\t<div class=\"elementor-element elementor-element-fe7a011 elementor-widget elementor-widget-wpforms\" data-id=\"fe7a011\" data-element_type=\"widget\" data-e-type=\"widget\" data-widget_type=\"wpforms.default\">\n\t\t\t\t<div class=\"elementor-widget-container\">\n\t\t\t\t\t<div class=\"wpforms-container contact-form\" id=\"wpforms-3299\"><form id=\"wpforms-form-3299\" class=\"wpforms-validate wpforms-form wpforms-ajax-form\" data-formid=\"3299\" method=\"post\" enctype=\"multipart\/form-data\" action=\"\/en\/wp-json\/wp\/v2\/pages\/3636\" data-token=\"19a2e003cae75376549e762619622902\" data-token-time=\"1776332508\"><noscript class=\"wpforms-error-noscript\">Please enable JavaScript in your browser to complete this form.<\/noscript><div class=\"wpforms-field-container\"><div id=\"wpforms-3299-field_12-container\" class=\"wpforms-field wpforms-field-email wpforms-half\" data-field-id=\"12\"><label class=\"wpforms-field-label\" for=\"wpforms-3299-field_12\">Email <span class=\"wpforms-required-label\">*<\/span><\/label><input type=\"email\" id=\"wpforms-3299-field_12\" class=\"wpforms-field-large wpforms-field-required\" name=\"wpforms[fields][12]\" placeholder=\"johndoe@example.com\" spellcheck=\"false\" required><\/div><div id=\"wpforms-3299-field_8-container\" class=\"wpforms-field wpforms-field-text wpforms-half\" data-field-id=\"8\"><label class=\"wpforms-field-label\" for=\"wpforms-3299-field_8\">Contact person <span class=\"wpforms-required-label\">*<\/span><\/label><input type=\"text\" id=\"wpforms-3299-field_8\" class=\"wpforms-field-large wpforms-field-required\" name=\"wpforms[fields][8]\" placeholder=\"John Doe\" required><\/div><div id=\"wpforms-3299-field_14-container\" class=\"wpforms-field wpforms-field-textarea\" data-field-id=\"14\"><label class=\"wpforms-field-label\" for=\"wpforms-3299-field_14\">Comment<\/label><textarea id=\"wpforms-3299-field_14\" class=\"wpforms-field-medium\" name=\"wpforms[fields][14]\" ><\/textarea><\/div><div id=\"wpforms-3299-field_16-container\" class=\"wpforms-field wpforms-field-radio wpforms-list-inline\" data-field-id=\"16\"><label class=\"wpforms-field-label\">Request for quote and\/or Registration for billing<\/label><ul id=\"wpforms-3299-field_16\"><li class=\"choice-1 depth-1\"><input type=\"radio\" id=\"wpforms-3299-field_16_1\" name=\"wpforms[fields][16]\" value=\"YES\"  ><label class=\"wpforms-field-label-inline\" for=\"wpforms-3299-field_16_1\">YES<\/label><\/li><\/ul><\/div><div id=\"wpforms-3299-field_3-container\" class=\"wpforms-field wpforms-field-text\" data-field-id=\"3\"><label class=\"wpforms-field-label\" for=\"wpforms-3299-field_3\">Company name<\/label><input type=\"text\" id=\"wpforms-3299-field_3\" class=\"wpforms-field-large\" name=\"wpforms[fields][3]\" ><\/div><div id=\"wpforms-3299-field_4-container\" class=\"wpforms-field wpforms-field-text\" data-field-id=\"4\"><label class=\"wpforms-field-label\" for=\"wpforms-3299-field_4\">Company C.I.F.<\/label><input type=\"text\" id=\"wpforms-3299-field_4\" class=\"wpforms-field-large\" name=\"wpforms[fields][4]\" ><\/div><div id=\"wpforms-3299-field_6-container\" class=\"wpforms-field wpforms-field-text\" data-field-id=\"6\"><label class=\"wpforms-field-label\" for=\"wpforms-3299-field_6\">Address<\/label><input type=\"text\" id=\"wpforms-3299-field_6\" class=\"wpforms-field-large\" name=\"wpforms[fields][6]\" ><\/div><div id=\"wpforms-3299-field_7-container\" class=\"wpforms-field wpforms-field-text\" data-field-id=\"7\"><label class=\"wpforms-field-label\" for=\"wpforms-3299-field_7\">Phone<\/label><input type=\"text\" id=\"wpforms-3299-field_7\" class=\"wpforms-field-large\" name=\"wpforms[fields][7]\" ><\/div><div id=\"wpforms-3299-field_9-container\" class=\"wpforms-field wpforms-field-text\" data-field-id=\"9\"><label class=\"wpforms-field-label\" for=\"wpforms-3299-field_9\">Team brand<\/label><input type=\"text\" id=\"wpforms-3299-field_9\" class=\"wpforms-field-large\" name=\"wpforms[fields][9]\" ><\/div><div id=\"wpforms-3299-field_11-container\" class=\"wpforms-field wpforms-field-text\" data-field-id=\"11\"><label class=\"wpforms-field-label\" for=\"wpforms-3299-field_11\">Team model<\/label><input type=\"text\" id=\"wpforms-3299-field_11\" class=\"wpforms-field-large\" name=\"wpforms[fields][11]\" ><\/div><div id=\"wpforms-3299-field_13-container\" class=\"wpforms-field wpforms-field-text\" data-field-id=\"13\"><label class=\"wpforms-field-label\" for=\"wpforms-3299-field_13\">Power<\/label><input type=\"text\" id=\"wpforms-3299-field_13\" class=\"wpforms-field-large\" name=\"wpforms[fields][13]\" ><\/div><\/div><!-- .wpforms-field-container --><div class=\"wpforms-recaptcha-container wpforms-is-recaptcha wpforms-is-recaptcha-type-v3\" ><input type=\"hidden\" name=\"wpforms[recaptcha]\" value=\"\"><\/div><div class=\"wpforms-submit-container\" ><input type=\"hidden\" name=\"wpforms[id]\" value=\"3299\"><input type=\"hidden\" name=\"page_title\" value=\"\"><input type=\"hidden\" name=\"page_url\" value=\"https:\/\/solevatec.es\/en\/wp-json\/wp\/v2\/pages\/3636\"><input type=\"hidden\" name=\"url_referer\" value=\"\"><button type=\"submit\" name=\"wpforms[submit]\" id=\"wpforms-submit-3299\" class=\"wpforms-submit button-form\" data-alt-text=\"Sending...\" data-submit-text=\"Send\" aria-live=\"assertive\" value=\"wpforms-submit\">Send<\/button><img decoding=\"async\" src=\"https:\/\/solevatec.es\/wp-content\/plugins\/wpforms-lite\/assets\/images\/submit-spin.svg\" class=\"wpforms-submit-spinner\" style=\"display: none;\" width=\"26\" height=\"26\" alt=\"Loading\"><\/div><\/form><\/div>  <!-- .wpforms-container -->\t\t\t\t<\/div>\n\t\t\t\t<\/div>\n\t\t\t\t<\/div>\n\t\t<div class=\"elementor-element elementor-element-5dd29fa e-flex e-con-boxed e-con e-parent\" data-id=\"5dd29fa\" data-element_type=\"container\" data-e-type=\"container\">\n\t\t\t\t\t<div class=\"e-con-inner\">\n\t\t\t\t<div class=\"elementor-element elementor-element-1214ba3 elementor-widget elementor-widget-html\" data-id=\"1214ba3\" data-element_type=\"widget\" data-e-type=\"widget\" data-widget_type=\"html.default\">\n\t\t\t\t<div class=\"elementor-widget-container\">\n\t\t\t\t\t<style>.hidden-field {\n  display: none;\n\n}\n\n.visible-field {\n  opacity: 1;\n  display: block;\n  transition: all 0.5s ease;\n}\n<\/style>\t\t\t\t<\/div>\n\t\t\t\t<\/div>\n\t\t\t\t<div class=\"elementor-element elementor-element-0c95fdd elementor-widget elementor-widget-shortcode\" data-id=\"0c95fdd\" data-element_type=\"widget\" data-e-type=\"widget\" data-widget_type=\"shortcode.default\">\n\t\t\t\t<div class=\"elementor-widget-container\">\n\t\t\t\t\t\t\t<div class=\"elementor-shortcode\">[code_snippet id=\"12\" name=\"Contact Form Dinamic Fields\"]<\/div>\n\t\t\t\t\t\t<\/div>\n\t\t\t\t<\/div>\n\t\t\t\t\t<\/div>\n\t\t\t\t<\/div>\n\t\t\t\t<\/div>\n\t\t","protected":false},"excerpt":{"rendered":"<p>If you wish to receive a quotation, please fill in all the attached fields. Por favor, activa JavaScript en tu navegador para completar este formulario.Correo electr\u00f3nico *Persona de contacto *ComentarioSolicitud de presupuesto y\/o Registro para facturaci\u00f3n SI Nombre de la empresaC.I.F de la empresaDirecci\u00f3nTel\u00e9fonoMarca del equipoModelo del equipoPotencia Enviar [code_snippet id=&#8221;12&#8243; name=&#8221;Contact Form Dinamic Fields&#8221;]<\/p>\n","protected":false},"author":1,"featured_media":0,"parent":0,"menu_order":0,"comment_status":"closed","ping_status":"closed","template":"elementor_theme","meta":{"_uag_custom_page_level_css":"","site-sidebar-layout":"default","site-content-layout":"","ast-site-content-layout":"default","site-content-style":"default","site-sidebar-style":"default","ast-global-header-display":"","ast-banner-title-visibility":"","ast-main-header-display":"","ast-hfb-above-header-display":"","ast-hfb-below-header-display":"","ast-hfb-mobile-header-display":"","site-post-title":"","ast-breadcrumbs-content":"","ast-featured-img":"","footer-sml-layout":"","ast-disable-related-posts":"","theme-transparent-header-meta":"","adv-header-id-meta":"","stick-header-meta":"","header-above-stick-meta":"","header-main-stick-meta":"","header-below-stick-meta":"","astra-migrate-meta-layouts":"default","ast-page-background-enabled":"default","ast-page-background-meta":{"desktop":{"background-color":"","background-image":"","background-repeat":"repeat","background-position":"center center","background-size":"auto","background-attachment":"scroll","background-type":"","background-media":"","overlay-type":"","overlay-color":"","overlay-opacity":"","overlay-gradient":""},"tablet":{"background-color":"","background-image":"","background-repeat":"repeat","background-position":"center center","background-size":"auto","background-attachment":"scroll","background-type":"","background-media":"","overlay-type":"","overlay-color":"","overlay-opacity":"","overlay-gradient":""},"mobile":{"background-color":"","background-image":"","background-repeat":"repeat","background-position":"center center","background-size":"auto","background-attachment":"scroll","background-type":"","background-media":"","overlay-type":"","overlay-color":"","overlay-opacity":"","overlay-gradient":""}},"ast-content-background-meta":{"desktop":{"background-color":"var(--ast-global-color-5)","background-image":"","background-repeat":"repeat","background-position":"center center","background-size":"auto","background-attachment":"scroll","background-type":"","background-media":"","overlay-type":"","overlay-color":"","overlay-opacity":"","overlay-gradient":""},"tablet":{"background-color":"var(--ast-global-color-5)","background-image":"","background-repeat":"repeat","background-position":"center center","background-size":"auto","background-attachment":"scroll","background-type":"","background-media":"","overlay-type":"","overlay-color":"","overlay-opacity":"","overlay-gradient":""},"mobile":{"background-color":"var(--ast-global-color-5)","background-image":"","background-repeat":"repeat","background-position":"center center","background-size":"auto","background-attachment":"scroll","background-type":"","background-media":"","overlay-type":"","overlay-color":"","overlay-opacity":"","overlay-gradient":""}},"footnotes":""},"class_list":["post-3636","page","type-page","status-publish","hentry"],"uagb_featured_image_src":{"full":false,"thumbnail":false,"medium":false,"medium_large":false,"large":false,"1536x1536":false,"2048x2048":false,"mailpoet_newsletter_max":false,"woocommerce_thumbnail":false,"woocommerce_single":false,"woocommerce_gallery_thumbnail":false},"uagb_author_info":{"display_name":"Solevatec-admin","author_link":"https:\/\/solevatec.es\/en\/author\/solevatec-admin"},"uagb_comment_info":0,"uagb_excerpt":"If you wish to receive a quotation, please fill in all the attached fields. Por favor, activa JavaScript en tu navegador para completar este formulario.Correo electr\u00f3nico *Persona de contacto *ComentarioSolicitud de presupuesto y\/o Registro para facturaci\u00f3n SI Nombre de la empresaC.I.F de la empresaDirecci\u00f3nTel\u00e9fonoMarca del equipoModelo del equipoPotencia Enviar [code_snippet id=&#8221;12&#8243; name=&#8221;Contact Form Dinamic Fields&#8221;]","jetpack_sharing_enabled":true,"_links":{"self":[{"href":"https:\/\/solevatec.es\/en\/wp-json\/wp\/v2\/pages\/3636","targetHints":{"allow":["GET"]}}],"collection":[{"href":"https:\/\/solevatec.es\/en\/wp-json\/wp\/v2\/pages"}],"about":[{"href":"https:\/\/solevatec.es\/en\/wp-json\/wp\/v2\/types\/page"}],"author":[{"embeddable":true,"href":"https:\/\/solevatec.es\/en\/wp-json\/wp\/v2\/users\/1"}],"replies":[{"embeddable":true,"href":"https:\/\/solevatec.es\/en\/wp-json\/wp\/v2\/comments?post=3636"}],"version-history":[{"count":6,"href":"https:\/\/solevatec.es\/en\/wp-json\/wp\/v2\/pages\/3636\/revisions"}],"predecessor-version":[{"id":5098,"href":"https:\/\/solevatec.es\/en\/wp-json\/wp\/v2\/pages\/3636\/revisions\/5098"}],"wp:attachment":[{"href":"https:\/\/solevatec.es\/en\/wp-json\/wp\/v2\/media?parent=3636"}],"curies":[{"name":"wp","href":"https:\/\/api.w.org\/{rel}","templated":true}]}}