{"id":3637,"date":"2022-09-04T03:57:13","date_gmt":"2022-09-04T03:57:13","guid":{"rendered":"https:\/\/solevatec.es\/kontakt"},"modified":"2025-11-10T19:39:13","modified_gmt":"2025-11-10T19:39:13","slug":"kontakt","status":"publish","type":"page","link":"https:\/\/solevatec.es\/de\/kontakt","title":{"rendered":"Kontakt"},"content":{"rendered":"\t\t<div data-elementor-type=\"wp-page\" data-elementor-id=\"3637\" class=\"elementor elementor-3637 elementor-3307\" data-elementor-post-type=\"page\">\n\t\t\t\t<div class=\"elementor-element elementor-element-446ed8ff e-con-full e-flex e-con e-parent\" data-id=\"446ed8ff\" data-element_type=\"container\" data-e-type=\"container\">\n\t\t\t\t<div class=\"elementor-element elementor-element-4e82694 elementor-widget elementor-widget-text-editor\" data-id=\"4e82694\" data-element_type=\"widget\" data-e-type=\"widget\" data-widget_type=\"text-editor.default\">\n\t\t\t\t<div class=\"elementor-widget-container\">\n\t\t\t\t\t\t\t\t\t<p>Wenn Sie ein Angebot erhalten m\u00f6chten, f\u00fcllen Sie bitte alle folgenden Felder aus.<\/p>\t\t\t\t\t\t\t\t<\/div>\n\t\t\t\t<\/div>\n\t\t\t\t<\/div>\n\t\t<div class=\"elementor-element elementor-element-4a51d24 e-con-full e-flex e-con e-parent\" data-id=\"4a51d24\" data-element_type=\"container\" data-e-type=\"container\">\n\t\t\t\t<div class=\"elementor-element elementor-element-fe7a011 elementor-widget elementor-widget-wpforms\" data-id=\"fe7a011\" data-element_type=\"widget\" data-e-type=\"widget\" data-widget_type=\"wpforms.default\">\n\t\t\t\t<div class=\"elementor-widget-container\">\n\t\t\t\t\t<div class=\"wpforms-container contact-form\" id=\"wpforms-3299\"><form id=\"wpforms-form-3299\" class=\"wpforms-validate wpforms-form wpforms-ajax-form\" data-formid=\"3299\" method=\"post\" enctype=\"multipart\/form-data\" action=\"\/de\/wp-json\/wp\/v2\/pages\/3637\" data-token=\"844d1d3c0bb85943d59ab65499324736\" data-token-time=\"1777622916\"><noscript class=\"wpforms-error-noscript\">Bitte aktiviere JavaScript in deinem Browser, um dieses Formular fertigzustellen.<\/noscript><div class=\"wpforms-field-container\"><div id=\"wpforms-3299-field_12-container\" class=\"wpforms-field wpforms-field-email wpforms-half\" data-field-id=\"12\"><label class=\"wpforms-field-label\" for=\"wpforms-3299-field_12\">E-Mail <span class=\"wpforms-required-label\">*<\/span><\/label><input type=\"email\" id=\"wpforms-3299-field_12\" class=\"wpforms-field-large wpforms-field-required\" name=\"wpforms[fields][12]\" placeholder=\"johndoe@example.com\" spellcheck=\"false\" required><\/div><div id=\"wpforms-3299-field_8-container\" class=\"wpforms-field wpforms-field-text wpforms-half\" data-field-id=\"8\"><label class=\"wpforms-field-label\" for=\"wpforms-3299-field_8\">Ansprechpartner <span class=\"wpforms-required-label\">*<\/span><\/label><input type=\"text\" id=\"wpforms-3299-field_8\" class=\"wpforms-field-large wpforms-field-required\" name=\"wpforms[fields][8]\" placeholder=\"John Doe\" required><\/div><div id=\"wpforms-3299-field_14-container\" class=\"wpforms-field wpforms-field-textarea\" data-field-id=\"14\"><label class=\"wpforms-field-label\" for=\"wpforms-3299-field_14\">Kommentar<\/label><textarea id=\"wpforms-3299-field_14\" class=\"wpforms-field-medium\" name=\"wpforms[fields][14]\" ><\/textarea><\/div><div id=\"wpforms-3299-field_16-container\" class=\"wpforms-field wpforms-field-radio wpforms-list-inline\" data-field-id=\"16\"><label class=\"wpforms-field-label\">Angebotsanfrage und\/oder Registrierung zur Abrechnung<\/label><ul id=\"wpforms-3299-field_16\"><li class=\"choice-1 depth-1\"><input type=\"radio\" id=\"wpforms-3299-field_16_1\" name=\"wpforms[fields][16]\" value=\"JA\"  ><label class=\"wpforms-field-label-inline\" for=\"wpforms-3299-field_16_1\">JA<\/label><\/li><\/ul><\/div><div id=\"wpforms-3299-field_3-container\" class=\"wpforms-field wpforms-field-text\" data-field-id=\"3\"><label class=\"wpforms-field-label\" for=\"wpforms-3299-field_3\">Name der Firma<\/label><input type=\"text\" id=\"wpforms-3299-field_3\" class=\"wpforms-field-large\" name=\"wpforms[fields][3]\" ><\/div><div id=\"wpforms-3299-field_4-container\" class=\"wpforms-field wpforms-field-text\" data-field-id=\"4\"><label class=\"wpforms-field-label\" for=\"wpforms-3299-field_4\">C.I.F. des Unternehmens<\/label><input type=\"text\" id=\"wpforms-3299-field_4\" class=\"wpforms-field-large\" name=\"wpforms[fields][4]\" ><\/div><div id=\"wpforms-3299-field_6-container\" class=\"wpforms-field wpforms-field-text\" data-field-id=\"6\"><label class=\"wpforms-field-label\" for=\"wpforms-3299-field_6\">Adresse<\/label><input type=\"text\" id=\"wpforms-3299-field_6\" class=\"wpforms-field-large\" name=\"wpforms[fields][6]\" ><\/div><div id=\"wpforms-3299-field_7-container\" class=\"wpforms-field wpforms-field-text\" data-field-id=\"7\"><label class=\"wpforms-field-label\" for=\"wpforms-3299-field_7\">Telefon<\/label><input type=\"text\" id=\"wpforms-3299-field_7\" class=\"wpforms-field-large\" name=\"wpforms[fields][7]\" ><\/div><div id=\"wpforms-3299-field_9-container\" class=\"wpforms-field wpforms-field-text\" data-field-id=\"9\"><label class=\"wpforms-field-label\" for=\"wpforms-3299-field_9\">Teammarke<\/label><input type=\"text\" id=\"wpforms-3299-field_9\" class=\"wpforms-field-large\" name=\"wpforms[fields][9]\" ><\/div><div id=\"wpforms-3299-field_11-container\" class=\"wpforms-field wpforms-field-text\" data-field-id=\"11\"><label class=\"wpforms-field-label\" for=\"wpforms-3299-field_11\">Teammodell<\/label><input type=\"text\" id=\"wpforms-3299-field_11\" class=\"wpforms-field-large\" name=\"wpforms[fields][11]\" ><\/div><div id=\"wpforms-3299-field_13-container\" class=\"wpforms-field wpforms-field-text\" data-field-id=\"13\"><label class=\"wpforms-field-label\" for=\"wpforms-3299-field_13\">Power<\/label><input type=\"text\" id=\"wpforms-3299-field_13\" class=\"wpforms-field-large\" name=\"wpforms[fields][13]\" ><\/div><\/div><!-- .wpforms-field-container --><div class=\"wpforms-recaptcha-container wpforms-is-recaptcha wpforms-is-recaptcha-type-v3\" ><input type=\"hidden\" name=\"wpforms[recaptcha]\" value=\"\"><\/div><div class=\"wpforms-submit-container\" ><input type=\"hidden\" name=\"wpforms[id]\" value=\"3299\"><input type=\"hidden\" name=\"page_title\" value=\"\"><input type=\"hidden\" name=\"page_url\" value=\"https:\/\/solevatec.es\/de\/wp-json\/wp\/v2\/pages\/3637\"><input type=\"hidden\" name=\"url_referer\" value=\"\"><button type=\"submit\" name=\"wpforms[submit]\" id=\"wpforms-submit-3299\" class=\"wpforms-submit button-form\" data-alt-text=\"Senden...\" data-submit-text=\"Schicken\" aria-live=\"assertive\" value=\"wpforms-submit\">Schicken<\/button><img decoding=\"async\" src=\"https:\/\/solevatec.es\/wp-content\/plugins\/wpforms-lite\/assets\/images\/submit-spin.svg\" class=\"wpforms-submit-spinner\" style=\"display: none;\" width=\"26\" height=\"26\" alt=\"Wird geladen\"><\/div><\/form><\/div>  <!-- .wpforms-container -->\t\t\t\t<\/div>\n\t\t\t\t<\/div>\n\t\t\t\t<\/div>\n\t\t<div class=\"elementor-element elementor-element-5dd29fa e-flex e-con-boxed e-con e-parent\" data-id=\"5dd29fa\" data-element_type=\"container\" data-e-type=\"container\">\n\t\t\t\t\t<div class=\"e-con-inner\">\n\t\t\t\t<div class=\"elementor-element elementor-element-1214ba3 elementor-widget elementor-widget-html\" data-id=\"1214ba3\" data-element_type=\"widget\" data-e-type=\"widget\" data-widget_type=\"html.default\">\n\t\t\t\t<div class=\"elementor-widget-container\">\n\t\t\t\t\t<style>.hidden-field {\n  display: none;\n\n}\n\n.visible-field {\n  opacity: 1;\n  display: block;\n  transition: all 0.5s ease;\n}\n<\/style>\t\t\t\t<\/div>\n\t\t\t\t<\/div>\n\t\t\t\t<div class=\"elementor-element elementor-element-0c95fdd elementor-widget elementor-widget-shortcode\" data-id=\"0c95fdd\" data-element_type=\"widget\" data-e-type=\"widget\" data-widget_type=\"shortcode.default\">\n\t\t\t\t<div class=\"elementor-widget-container\">\n\t\t\t\t\t\t\t<div class=\"elementor-shortcode\"><script>\ndocument.addEventListener('DOMContentLoaded', function() {\n  const checkbox = document.querySelector('#wpforms-3299-field_16_1'); \n   checkbox.setAttribute('type', 'checkbox');\n    checkbox.addEventListener('click', function(e) {\n    e.stopPropagation();\n  });\n  const fieldsToToggle = [\n    document.querySelector('#wpforms-3299-field_3-container'),\n    document.querySelector('#wpforms-3299-field_4-container'),\n    document.querySelector('#wpforms-3299-field_7-container'),\n    document.querySelector('#wpforms-3299-field_9-container'),\n    document.querySelector('#wpforms-3299-field_11-container'),\n    document.querySelector('#wpforms-3299-field_13-container'),\n    document.querySelector('#wpforms-3299-field_6-container')\n  ];\n\n  \n\n  fieldsToToggle.forEach(f => {\n    if (f) f.classList.add('hidden-field');\n  });\n  \n  checkbox.addEventListener('change', function() {\n    fieldsToToggle.forEach(f => {\n      if (!f) return;\n      if (checkbox.checked) {\n        f.classList.remove('hidden-field');\n        f.classList.add('visible-field');\n      } else {\n        f.classList.remove('visible-field');\n        f.classList.add('hidden-field');\n      }\n    });\n  });\n});\n<\/script><\/div>\n\t\t\t\t\t\t<\/div>\n\t\t\t\t<\/div>\n\t\t\t\t\t<\/div>\n\t\t\t\t<\/div>\n\t\t\t\t<\/div>\n\t\t","protected":false},"excerpt":{"rendered":"<p>Wenn Sie ein Angebot erhalten m\u00f6chten, f\u00fcllen Sie bitte alle folgenden Felder aus. Por favor, activa JavaScript en tu navegador para completar este formulario.Correo electr\u00f3nico *Persona de contacto *ComentarioSolicitud de presupuesto y\/o Registro para facturaci\u00f3n SI Nombre de la empresaC.I.F de la empresaDirecci\u00f3nTel\u00e9fonoMarca del equipoModelo del equipoPotencia Enviar<\/p>\n","protected":false},"author":1,"featured_media":0,"parent":0,"menu_order":0,"comment_status":"closed","ping_status":"closed","template":"elementor_theme","meta":{"_uag_custom_page_level_css":"","site-sidebar-layout":"default","site-content-layout":"","ast-site-content-layout":"default","site-content-style":"default","site-sidebar-style":"default","ast-global-header-display":"","ast-banner-title-visibility":"","ast-main-header-display":"","ast-hfb-above-header-display":"","ast-hfb-below-header-display":"","ast-hfb-mobile-header-display":"","site-post-title":"","ast-breadcrumbs-content":"","ast-featured-img":"","footer-sml-layout":"","ast-disable-related-posts":"","theme-transparent-header-meta":"","adv-header-id-meta":"","stick-header-meta":"","header-above-stick-meta":"","header-main-stick-meta":"","header-below-stick-meta":"","astra-migrate-meta-layouts":"default","ast-page-background-enabled":"default","ast-page-background-meta":{"desktop":{"background-color":"","background-image":"","background-repeat":"repeat","background-position":"center center","background-size":"auto","background-attachment":"scroll","background-type":"","background-media":"","overlay-type":"","overlay-color":"","overlay-opacity":"","overlay-gradient":""},"tablet":{"background-color":"","background-image":"","background-repeat":"repeat","background-position":"center center","background-size":"auto","background-attachment":"scroll","background-type":"","background-media":"","overlay-type":"","overlay-color":"","overlay-opacity":"","overlay-gradient":""},"mobile":{"background-color":"","background-image":"","background-repeat":"repeat","background-position":"center center","background-size":"auto","background-attachment":"scroll","background-type":"","background-media":"","overlay-type":"","overlay-color":"","overlay-opacity":"","overlay-gradient":""}},"ast-content-background-meta":{"desktop":{"background-color":"var(--ast-global-color-5)","background-image":"","background-repeat":"repeat","background-position":"center center","background-size":"auto","background-attachment":"scroll","background-type":"","background-media":"","overlay-type":"","overlay-color":"","overlay-opacity":"","overlay-gradient":""},"tablet":{"background-color":"var(--ast-global-color-5)","background-image":"","background-repeat":"repeat","background-position":"center center","background-size":"auto","background-attachment":"scroll","background-type":"","background-media":"","overlay-type":"","overlay-color":"","overlay-opacity":"","overlay-gradient":""},"mobile":{"background-color":"var(--ast-global-color-5)","background-image":"","background-repeat":"repeat","background-position":"center center","background-size":"auto","background-attachment":"scroll","background-type":"","background-media":"","overlay-type":"","overlay-color":"","overlay-opacity":"","overlay-gradient":""}},"footnotes":""},"class_list":["post-3637","page","type-page","status-publish","hentry"],"uagb_featured_image_src":{"full":false,"thumbnail":false,"medium":false,"medium_large":false,"large":false,"1536x1536":false,"2048x2048":false,"mailpoet_newsletter_max":false,"woocommerce_thumbnail":false,"woocommerce_single":false,"woocommerce_gallery_thumbnail":false},"uagb_author_info":{"display_name":"Solevatec-admin","author_link":"https:\/\/solevatec.es\/de\/author\/solevatec-admin"},"uagb_comment_info":0,"uagb_excerpt":"Wenn Sie ein Angebot erhalten m\u00f6chten, f\u00fcllen Sie bitte alle folgenden Felder aus. Por favor, activa JavaScript en tu navegador para completar este formulario.Correo electr\u00f3nico *Persona de contacto *ComentarioSolicitud de presupuesto y\/o Registro para facturaci\u00f3n SI Nombre de la empresaC.I.F de la empresaDirecci\u00f3nTel\u00e9fonoMarca del equipoModelo del equipoPotencia Enviar","jetpack_sharing_enabled":true,"_links":{"self":[{"href":"https:\/\/solevatec.es\/de\/wp-json\/wp\/v2\/pages\/3637","targetHints":{"allow":["GET"]}}],"collection":[{"href":"https:\/\/solevatec.es\/de\/wp-json\/wp\/v2\/pages"}],"about":[{"href":"https:\/\/solevatec.es\/de\/wp-json\/wp\/v2\/types\/page"}],"author":[{"embeddable":true,"href":"https:\/\/solevatec.es\/de\/wp-json\/wp\/v2\/users\/1"}],"replies":[{"embeddable":true,"href":"https:\/\/solevatec.es\/de\/wp-json\/wp\/v2\/comments?post=3637"}],"version-history":[{"count":8,"href":"https:\/\/solevatec.es\/de\/wp-json\/wp\/v2\/pages\/3637\/revisions"}],"predecessor-version":[{"id":5099,"href":"https:\/\/solevatec.es\/de\/wp-json\/wp\/v2\/pages\/3637\/revisions\/5099"}],"wp:attachment":[{"href":"https:\/\/solevatec.es\/de\/wp-json\/wp\/v2\/media?parent=3637"}],"curies":[{"name":"wp","href":"https:\/\/api.w.org\/{rel}","templated":true}]}}