{"id":3631,"date":"2018-07-13T07:38:56","date_gmt":"2018-07-13T07:38:56","guid":{"rendered":"https:\/\/solevatec.es\/uber-uns"},"modified":"2025-11-21T07:38:46","modified_gmt":"2025-11-21T07:38:46","slug":"uber-uns","status":"publish","type":"page","link":"https:\/\/solevatec.es\/de\/uber-uns","title":{"rendered":"\u00dcber uns"},"content":{"rendered":"\n<div class=\"wp-block-cover alignfull\" style=\"min-height:300px;aspect-ratio:unset;\"><img fetchpriority=\"high\" decoding=\"async\" width=\"1280\" height=\"831\" class=\"wp-block-cover__image-background wp-image-50\" alt=\"\" src=\"https:\/\/solevatec.es\/wp-content\/uploads\/2022\/02\/photo_2022-02-03_20-10-03-1.jpg\" style=\"object-position:50% 50%\" data-object-fit=\"cover\" data-object-position=\"50% 50%\" srcset=\"https:\/\/solevatec.es\/wp-content\/uploads\/2022\/02\/photo_2022-02-03_20-10-03-1.jpg 1280w, https:\/\/solevatec.es\/wp-content\/uploads\/2022\/02\/photo_2022-02-03_20-10-03-1-600x390.jpg 600w, https:\/\/solevatec.es\/wp-content\/uploads\/2022\/02\/photo_2022-02-03_20-10-03-1-300x195.jpg 300w, https:\/\/solevatec.es\/wp-content\/uploads\/2022\/02\/photo_2022-02-03_20-10-03-1-1024x665.jpg 1024w, https:\/\/solevatec.es\/wp-content\/uploads\/2022\/02\/photo_2022-02-03_20-10-03-1-768x499.jpg 768w\" sizes=\"(max-width: 1280px) 100vw, 1280px\" \/><span aria-hidden=\"true\" class=\"wp-block-cover__background has-ast-global-color-4-background-color has-background-dim-90 has-background-dim\"><\/span><div class=\"wp-block-cover__inner-container is-layout-flow wp-block-cover-is-layout-flow\">\n<h1 class=\"wp-block-heading has-text-align-center has-ast-global-color-2-color has-text-color\" id=\"sobre-nosotros\">\u00dcber uns<\/h1>\n<\/div><\/div>\n<style>.kb-row-layout-id2574_0b7939-30 > .kt-row-column-wrap{align-content:center;}:where(.kb-row-layout-id2574_0b7939-30 > .kt-row-column-wrap) > .wp-block-kadence-column{justify-content:center;}.kb-row-layout-id2574_0b7939-30 > .kt-row-column-wrap{column-gap:var(--global-kb-gap-lg, 4rem);row-gap:var(--global-kb-gap-none, 0rem );max-width:1140px;margin-left:auto;margin-right:auto;padding-top:50px;padding-right:0px;padding-bottom:50px;padding-left:0px;grid-template-columns:minmax(0, calc(55% - ((var(--global-kb-gap-lg, 4rem) * 1 )\/2)))minmax(0, calc(45% - ((var(--global-kb-gap-lg, 4rem) * 1 )\/2)));}.kb-row-layout-id2574_0b7939-30 > .kt-row-layout-overlay{opacity:0.04;}@media all and (max-width: 1024px){.kb-row-layout-id2574_0b7939-30 > .kt-row-column-wrap{max-width:700px;margin-left:auto;margin-right:auto;padding-top:80px;padding-right:0px;padding-bottom:80px;padding-left:0px;grid-template-columns:minmax(0, 1fr);}}@media all and (max-width: 767px){.kb-row-layout-id2574_0b7939-30 > .kt-row-column-wrap{padding-top:60px;padding-right:15px;padding-bottom:60px;padding-left:15px;grid-template-columns:minmax(0, 1fr);}}<\/style><div class=\"kb-row-layout-wrap kb-row-layout-id2574_0b7939-30 alignfull has-ast-global-color-6-background-color kt-row-has-bg wp-block-kadence-rowlayout\"><div class=\"kt-row-column-wrap kt-has-2-columns kt-row-layout-equal kt-tab-layout-row kt-mobile-layout-row kt-row-valign-middle\">\n<style>.kadence-column2574_15cbed-36 > .kt-inside-inner-col{padding-top:10px;padding-right:10px;padding-bottom:10px;padding-left:10px;}.kadence-column2574_15cbed-36 > .kt-inside-inner-col,.kadence-column2574_15cbed-36 > .kt-inside-inner-col:before{border-top-left-radius:0px;border-top-right-radius:0px;border-bottom-right-radius:0px;border-bottom-left-radius:0px;}.kadence-column2574_15cbed-36 > .kt-inside-inner-col{column-gap:var(--global-kb-gap-sm, 1rem);}.kadence-column2574_15cbed-36 > .kt-inside-inner-col{flex-direction:column;}.kadence-column2574_15cbed-36 > .kt-inside-inner-col > .aligncenter{width:100%;}.kadence-column2574_15cbed-36 > .kt-inside-inner-col:before{opacity:0.3;}.kadence-column2574_15cbed-36{position:relative;}@media all and (max-width: 1024px){.kadence-column2574_15cbed-36 > .kt-inside-inner-col{flex-direction:column;justify-content:center;}}@media all and (max-width: 767px){.kadence-column2574_15cbed-36 > .kt-inside-inner-col{flex-direction:column;justify-content:center;}}<\/style>\n<div class=\"wp-block-kadence-column kadence-column2574_15cbed-36 inner-column-1\"><div class=\"kt-inside-inner-col\"><style>.wp-block-kadence-advancedheading.kt-adv-heading2574_747966-c7, .wp-block-kadence-advancedheading.kt-adv-heading2574_747966-c7[data-kb-block=\"kb-adv-heading2574_747966-c7\"]{font-size:15px;font-style:normal;}.wp-block-kadence-advancedheading.kt-adv-heading2574_747966-c7 mark.kt-highlight, .wp-block-kadence-advancedheading.kt-adv-heading2574_747966-c7[data-kb-block=\"kb-adv-heading2574_747966-c7\"] mark.kt-highlight{font-style:normal;color:#f76a0c;-webkit-box-decoration-break:clone;box-decoration-break:clone;padding-top:0px;padding-right:0px;padding-bottom:0px;padding-left:0px;}.wp-block-kadence-advancedheading.kt-adv-heading2574_747966-c7 img.kb-inline-image, .wp-block-kadence-advancedheading.kt-adv-heading2574_747966-c7[data-kb-block=\"kb-adv-heading2574_747966-c7\"] img.kb-inline-image{width:150px;vertical-align:baseline;}@media all and (max-width: 1024px){.wp-block-kadence-advancedheading.kt-adv-heading2574_747966-c7, .wp-block-kadence-advancedheading.kt-adv-heading2574_747966-c7[data-kb-block=\"kb-adv-heading2574_747966-c7\"]{text-align:center!important;}}<\/style>\n<p class=\"kt-adv-heading2574_747966-c7 wp-block-kadence-advancedheading has-ast-global-color-2-color has-text-color\" data-kb-block=\"kb-adv-heading2574_747966-c7\"><strong>SOLEVATEC, S.L.<\/strong> wurde im Juli 2021 mit dem Ziel gegr\u00fcndet, die besten Fachkr\u00e4fte aus den renommiertesten Unternehmen der Branche zusammenzuf\u00fchren. Unser Team stammt aus den technischen und administrativen Abteilungen f\u00fchrender Unternehmen in Spanien und dem Vereinigten K\u00f6nigreich. Diese geb\u00fcndelte Expertise hat es uns erm\u00f6glicht, ein Unternehmenskonzept zu entwickeln, das auf qualitativ hochwertigen Dienstleistungen, wettbewerbsf\u00e4higen Preisen und einer rundum \u00fcberzeugenden Kundenerfahrung basiert  <\/p>\n\n\n<style>.wp-block-kadence-advancedheading.kt-adv-heading2574_dcc1bb-96, .wp-block-kadence-advancedheading.kt-adv-heading2574_dcc1bb-96[data-kb-block=\"kb-adv-heading2574_dcc1bb-96\"]{font-size:15px;font-style:normal;}.wp-block-kadence-advancedheading.kt-adv-heading2574_dcc1bb-96 mark.kt-highlight, .wp-block-kadence-advancedheading.kt-adv-heading2574_dcc1bb-96[data-kb-block=\"kb-adv-heading2574_dcc1bb-96\"] mark.kt-highlight{font-style:normal;color:#f76a0c;-webkit-box-decoration-break:clone;box-decoration-break:clone;padding-top:0px;padding-right:0px;padding-bottom:0px;padding-left:0px;}.wp-block-kadence-advancedheading.kt-adv-heading2574_dcc1bb-96 img.kb-inline-image, .wp-block-kadence-advancedheading.kt-adv-heading2574_dcc1bb-96[data-kb-block=\"kb-adv-heading2574_dcc1bb-96\"] img.kb-inline-image{width:150px;vertical-align:baseline;}@media all and (max-width: 1024px){.wp-block-kadence-advancedheading.kt-adv-heading2574_dcc1bb-96, .wp-block-kadence-advancedheading.kt-adv-heading2574_dcc1bb-96[data-kb-block=\"kb-adv-heading2574_dcc1bb-96\"]{text-align:center!important;}}<\/style>\n<p class=\"kt-adv-heading2574_dcc1bb-96 wp-block-kadence-advancedheading has-ast-global-color-2-color has-text-color\" data-kb-block=\"kb-adv-heading2574_dcc1bb-96\">In nur vier Jahren hat <strong>SOLEVATEC<\/strong> den Markt f\u00fcr elektronische Reparaturen im Aufzugssektor ma\u00dfgeblich ver\u00e4ndert. Wir sind spezialisiert auf die Reparatur, vorbeugende Wartung, den Austauschservice sowie den Verkauf von Frequenzumrichtern und Steuerplatinen f\u00fcr Aufz\u00fcge. Wir arbeiten marken\u00fcbergreifend: KONE, OTIS, VACON, SCHINDLER, CONTROL TECHNIQUES, CARLOS SILVA, EMERSON, NIDEC, MP, FUJI, OMRON, FAIN, ORONA, TELEMECANIQUE, SCHNEIDER, THYSSENKRUPP und ZIEHL-ABEGG geh\u00f6ren zu unserem Tagesgesch\u00e4ft \u2013 doch auch andere Marken stellen f\u00fcr uns kein Problem dar. <\/p>\n\n\n<style>.wp-block-kadence-advancedheading.kt-adv-heading2574_a8c85c-42, .wp-block-kadence-advancedheading.kt-adv-heading2574_a8c85c-42[data-kb-block=\"kb-adv-heading2574_a8c85c-42\"]{font-size:15px;font-style:normal;}.wp-block-kadence-advancedheading.kt-adv-heading2574_a8c85c-42 mark.kt-highlight, .wp-block-kadence-advancedheading.kt-adv-heading2574_a8c85c-42[data-kb-block=\"kb-adv-heading2574_a8c85c-42\"] mark.kt-highlight{font-style:normal;color:#f76a0c;-webkit-box-decoration-break:clone;box-decoration-break:clone;padding-top:0px;padding-right:0px;padding-bottom:0px;padding-left:0px;}.wp-block-kadence-advancedheading.kt-adv-heading2574_a8c85c-42 img.kb-inline-image, .wp-block-kadence-advancedheading.kt-adv-heading2574_a8c85c-42[data-kb-block=\"kb-adv-heading2574_a8c85c-42\"] img.kb-inline-image{width:150px;vertical-align:baseline;}@media all and (max-width: 1024px){.wp-block-kadence-advancedheading.kt-adv-heading2574_a8c85c-42, .wp-block-kadence-advancedheading.kt-adv-heading2574_a8c85c-42[data-kb-block=\"kb-adv-heading2574_a8c85c-42\"]{text-align:center!important;}}<\/style>\n<p class=\"kt-adv-heading2574_a8c85c-42 wp-block-kadence-advancedheading has-ast-global-color-2-color has-text-color\" data-kb-block=\"kb-adv-heading2574_a8c85c-42\">Jetzt, da Sie mehr \u00fcber uns wissen, laden wir Sie ein, unsere Dienstleistungen in Anspruch zu nehmen und die Qualit\u00e4t und Zuverl\u00e4ssigkeit unseres Unternehmens selbst zu erleben<\/p>\n\n\n<style>.wp-block-kadence-iconlist.kt-svg-icon-list-items2574_85106d-33:not(.this-stops-third-party-issues){margin-top:0px;margin-bottom:0px;}.wp-block-kadence-iconlist.kt-svg-icon-list-items2574_85106d-33 ul.kt-svg-icon-list:not(.this-prevents-issues):not(.this-stops-third-party-issues):not(.tijsloc){margin-top:0px;margin-right:0px;margin-bottom:var(--global-kb-spacing-sm, 1.5rem);margin-left:0px;}.wp-block-kadence-iconlist.kt-svg-icon-list-items2574_85106d-33 ul.kt-svg-icon-list{grid-row-gap:5px;}.wp-block-kadence-iconlist.kt-svg-icon-list-items2574_85106d-33 ul.kt-svg-icon-list .kt-svg-icon-list-item-wrap .kt-svg-icon-list-single{margin-right:10px;}.kt-svg-icon-list-items2574_85106d-33 ul.kt-svg-icon-list .kt-svg-icon-list-level-0 .kt-svg-icon-list-single svg{font-size:20px;}<\/style>\n<div class=\"wp-block-kadence-iconlist kt-svg-icon-list-items kt-svg-icon-list-items2574_85106d-33 kt-svg-icon-list-columns-1 alignnone\"><ul class=\"kt-svg-icon-list\"><style>.kt-svg-icon-list-item-2574_856fbf-a0 .kt-svg-icon-list-single{font-size:20px !important;color:var(--ast-global-color-1) !important;}.kt-svg-icon-list-item-2574_856fbf-a0 .kt-svg-icon-list-text mark.kt-highlight{background-color:unset;font-size:22px;font-style:normal;color:#f76a0c;-webkit-box-decoration-break:clone;box-decoration-break:clone;padding-top:0px;padding-right:0px;padding-bottom:0px;padding-left:0px;}<\/style>\n<li class=\"wp-block-kadence-listitem kt-svg-icon-list-item-wrap kt-svg-icon-list-item-2574_856fbf-a0\"><span class=\"kb-svg-icon-wrap kb-svg-icon-fas_check-double kt-svg-icon-list-single\"><svg viewBox=\"0 0 512 512\"  fill=\"currentColor\" xmlns=\"http:\/\/www.w3.org\/2000\/svg\"  aria-hidden=\"true\"><path d=\"M504.5 171.95l-36.2-36.41c-10-10.05-26.21-10.05-36.2 0L192 377.02 79.9 264.28c-10-10.06-26.21-10.06-36.2 0L7.5 300.69c-10 10.05-10 26.36 0 36.41l166.4 167.36c10 10.06 26.21 10.06 36.2 0l294.4-296.09c10-10.06 10-26.36 0-36.42zM166.57 282.71c6.84 7.02 18.18 7.02 25.21.18L403.85 72.62c7.02-6.84 7.02-18.18.18-25.21L362.08 5.29c-6.84-7.02-18.18-7.02-25.21-.18L179.71 161.19l-68.23-68.77c-6.84-7.02-18.18-7.02-25.2-.18l-42.13 41.77c-7.02 6.84-7.02 18.18-.18 25.2l122.6 123.5z\"\/><\/svg><\/span><span class=\"kt-svg-icon-list-text\">Weniger Ausfallzeiten f\u00fcr Aufz\u00fcge in Ihren Geb\u00e4uden.<\/span><\/li>\n\n\n<style>.kt-svg-icon-list-item-2574_a5552e-9a .kt-svg-icon-list-single{font-size:20px !important;color:var(--ast-global-color-1) !important;}.kt-svg-icon-list-item-2574_a5552e-9a .kt-svg-icon-list-text mark.kt-highlight{background-color:unset;font-size:17px;font-style:normal;color:#f76a0c;-webkit-box-decoration-break:clone;box-decoration-break:clone;padding-top:0px;padding-right:0px;padding-bottom:0px;padding-left:0px;}<\/style>\n<li class=\"wp-block-kadence-listitem kt-svg-icon-list-item-wrap kt-svg-icon-list-item-2574_a5552e-9a\"><span class=\"kb-svg-icon-wrap kb-svg-icon-fas_check-double kt-svg-icon-list-single\"><svg viewBox=\"0 0 512 512\"  fill=\"currentColor\" xmlns=\"http:\/\/www.w3.org\/2000\/svg\"  aria-hidden=\"true\"><path d=\"M504.5 171.95l-36.2-36.41c-10-10.05-26.21-10.05-36.2 0L192 377.02 79.9 264.28c-10-10.06-26.21-10.06-36.2 0L7.5 300.69c-10 10.05-10 26.36 0 36.41l166.4 167.36c10 10.06 26.21 10.06 36.2 0l294.4-296.09c10-10.06 10-26.36 0-36.42zM166.57 282.71c6.84 7.02 18.18 7.02 25.21.18L403.85 72.62c7.02-6.84 7.02-18.18.18-25.21L362.08 5.29c-6.84-7.02-18.18-7.02-25.21-.18L179.71 161.19l-68.23-68.77c-6.84-7.02-18.18-7.02-25.2-.18l-42.13 41.77c-7.02 6.84-7.02 18.18-.18 25.2l122.6 123.5z\"\/><\/svg><\/span><span class=\"kt-svg-icon-list-text\">Garantiert reibungslose Inbetriebnahme f\u00fcr Ihre Techniker.<\/span><\/li>\n\n\n<style>.kt-svg-icon-list-item-2574_cd66ee-e3 .kt-svg-icon-list-single{font-size:20px !important;color:var(--ast-global-color-1) !important;}.kt-svg-icon-list-item-2574_cd66ee-e3 .kt-svg-icon-list-text mark.kt-highlight{background-color:unset;font-size:17px;font-style:normal;color:#f76a0c;-webkit-box-decoration-break:clone;box-decoration-break:clone;padding-top:0px;padding-right:0px;padding-bottom:0px;padding-left:0px;}<\/style>\n<li class=\"wp-block-kadence-listitem kt-svg-icon-list-item-wrap kt-svg-icon-list-item-2574_cd66ee-e3\"><span class=\"kb-svg-icon-wrap kb-svg-icon-fas_check-double kt-svg-icon-list-single\"><svg viewBox=\"0 0 512 512\"  fill=\"currentColor\" xmlns=\"http:\/\/www.w3.org\/2000\/svg\"  aria-hidden=\"true\"><path d=\"M504.5 171.95l-36.2-36.41c-10-10.05-26.21-10.05-36.2 0L192 377.02 79.9 264.28c-10-10.06-26.21-10.06-36.2 0L7.5 300.69c-10 10.05-10 26.36 0 36.41l166.4 167.36c10 10.06 26.21 10.06 36.2 0l294.4-296.09c10-10.06 10-26.36 0-36.42zM166.57 282.71c6.84 7.02 18.18 7.02 25.21.18L403.85 72.62c7.02-6.84 7.02-18.18.18-25.21L362.08 5.29c-6.84-7.02-18.18-7.02-25.21-.18L179.71 161.19l-68.23-68.77c-6.84-7.02-18.18-7.02-25.2-.18l-42.13 41.77c-7.02 6.84-7.02 18.18-.18 25.2l122.6 123.5z\"\/><\/svg><\/span><span class=\"kt-svg-icon-list-text\">Gesteigerte Rentabilit\u00e4t f\u00fcr Ihr Unternehmen.<\/span><\/li>\n<\/ul><\/div>\n<\/div><\/div>\n\n\n<style>.kadence-column2574_81532e-21 > .kt-inside-inner-col,.kadence-column2574_81532e-21 > .kt-inside-inner-col:before{border-top-left-radius:0px;border-top-right-radius:0px;border-bottom-right-radius:0px;border-bottom-left-radius:0px;}.kadence-column2574_81532e-21 > .kt-inside-inner-col{column-gap:var(--global-kb-gap-sm, 1rem);}.kadence-column2574_81532e-21 > .kt-inside-inner-col{flex-direction:column;}.kadence-column2574_81532e-21 > .kt-inside-inner-col > .aligncenter{width:100%;}.kadence-column2574_81532e-21 > .kt-inside-inner-col:before{opacity:0.3;}.kadence-column2574_81532e-21{position:relative;}@media all and (max-width: 1024px){.kadence-column2574_81532e-21 > .kt-inside-inner-col{flex-direction:column;justify-content:center;}}@media all and (max-width: 767px){.kadence-column2574_81532e-21 > .kt-inside-inner-col{flex-direction:column;justify-content:center;}}<\/style>\n<div class=\"wp-block-kadence-column kadence-column2574_81532e-21\"><div class=\"kt-inside-inner-col\">\n<figure class=\"wp-block-image size-full\"><img decoding=\"async\" width=\"2560\" height=\"1676\" src=\"https:\/\/solevatec.es\/wp-content\/uploads\/2025\/07\/DSC03977-Alber-solevatec-Recuperado-copia-scaled.jpg\" alt=\"\" class=\"wp-image-4185\" style=\"aspect-ratio:3\/4;object-fit:cover\" srcset=\"https:\/\/solevatec.es\/wp-content\/uploads\/2025\/07\/DSC03977-Alber-solevatec-Recuperado-copia-scaled.jpg 2560w, https:\/\/solevatec.es\/wp-content\/uploads\/2025\/07\/DSC03977-Alber-solevatec-Recuperado-copia-300x196.jpg 300w, https:\/\/solevatec.es\/wp-content\/uploads\/2025\/07\/DSC03977-Alber-solevatec-Recuperado-copia-1024x670.jpg 1024w, https:\/\/solevatec.es\/wp-content\/uploads\/2025\/07\/DSC03977-Alber-solevatec-Recuperado-copia-768x503.jpg 768w, https:\/\/solevatec.es\/wp-content\/uploads\/2025\/07\/DSC03977-Alber-solevatec-Recuperado-copia-1536x1006.jpg 1536w, https:\/\/solevatec.es\/wp-content\/uploads\/2025\/07\/DSC03977-Alber-solevatec-Recuperado-copia-2048x1341.jpg 2048w, https:\/\/solevatec.es\/wp-content\/uploads\/2025\/07\/DSC03977-Alber-solevatec-Recuperado-copia-1320x864.jpg 1320w, https:\/\/solevatec.es\/wp-content\/uploads\/2025\/07\/DSC03977-Alber-solevatec-Recuperado-copia-600x393.jpg 600w\" sizes=\"(max-width: 2560px) 100vw, 2560px\" \/><\/figure>\n<\/div><\/div>\n\n<\/div><\/div><style>.kadence-column2574_3d2054-dd > .kt-inside-inner-col,.kadence-column2574_3d2054-dd > .kt-inside-inner-col:before{border-top-left-radius:0px;border-top-right-radius:0px;border-bottom-right-radius:0px;border-bottom-left-radius:0px;}.kadence-column2574_3d2054-dd > .kt-inside-inner-col{column-gap:var(--global-kb-gap-sm, 1rem);}.kadence-column2574_3d2054-dd > .kt-inside-inner-col{flex-direction:column;}.kadence-column2574_3d2054-dd > .kt-inside-inner-col > .aligncenter{width:100%;}.kadence-column2574_3d2054-dd > .kt-inside-inner-col:before{opacity:0.3;}.kadence-column2574_3d2054-dd{position:relative;}@media all and (max-width: 1024px){.kadence-column2574_3d2054-dd > .kt-inside-inner-col{flex-direction:column;justify-content:center;}}@media all and (max-width: 1024px){.kadence-column2574_3d2054-dd, .kt-inside-inner-col > .kadence-column2574_3d2054-dd:not(.specificity){margin-top:50px;margin-right:0px;margin-bottom:0px;margin-left:0px;}}@media all and (max-width: 767px){.kadence-column2574_3d2054-dd > .kt-inside-inner-col{flex-direction:column;justify-content:center;}.kadence-column2574_3d2054-dd, .kt-inside-inner-col > .kadence-column2574_3d2054-dd:not(.specificity){margin-top:40px;margin-right:0px;margin-bottom:0px;margin-left:0px;}}<\/style>\n<div class=\"wp-block-kadence-column kadence-column2574_3d2054-dd inner-column-2\"><div class=\"kt-inside-inner-col\"><\/div><\/div>\n","protected":false},"excerpt":{"rendered":"<p>SOLEVATEC, S.L. wurde im Juli 2021 mit dem Ziel gegr\u00fcndet, die besten Fachkr\u00e4fte aus den renommiertesten Unternehmen der Branche zusammenzuf\u00fchren. Unser Team stammt aus den technischen und administrativen Abteilungen f\u00fchrender Unternehmen in Spanien und dem Vereinigten K\u00f6nigreich. Diese geb\u00fcndelte Expertise hat es uns erm\u00f6glicht, ein Unternehmenskonzept zu entwickeln, das auf qualitativ hochwertigen Dienstleistungen, wettbewerbsf\u00e4higen Preisen [&hellip;]<\/p>\n","protected":false},"author":1,"featured_media":0,"parent":0,"menu_order":0,"comment_status":"closed","ping_status":"closed","template":"","meta":{"_uag_custom_page_level_css":"","site-sidebar-layout":"no-sidebar","site-content-layout":"plain-container","ast-site-content-layout":"normal-width-container","site-content-style":"unboxed","site-sidebar-style":"unboxed","ast-global-header-display":"","ast-banner-title-visibility":"","ast-main-header-display":"","ast-hfb-above-header-display":"","ast-hfb-below-header-display":"","ast-hfb-mobile-header-display":"","site-post-title":"disabled","ast-breadcrumbs-content":"","ast-featured-img":"disabled","footer-sml-layout":"","ast-disable-related-posts":"","theme-transparent-header-meta":"enabled","adv-header-id-meta":"","stick-header-meta":"","header-above-stick-meta":"","header-main-stick-meta":"","header-below-stick-meta":"","astra-migrate-meta-layouts":"default","ast-page-background-enabled":"default","ast-page-background-meta":{"desktop":{"background-color":"","background-image":"","background-repeat":"repeat","background-position":"center center","background-size":"auto","background-attachment":"scroll","background-type":"","background-media":"","overlay-type":"","overlay-color":"","overlay-opacity":"","overlay-gradient":""},"tablet":{"background-color":"","background-image":"","background-repeat":"repeat","background-position":"center center","background-size":"auto","background-attachment":"scroll","background-type":"","background-media":"","overlay-type":"","overlay-color":"","overlay-opacity":"","overlay-gradient":""},"mobile":{"background-color":"","background-image":"","background-repeat":"repeat","background-position":"center center","background-size":"auto","background-attachment":"scroll","background-type":"","background-media":"","overlay-type":"","overlay-color":"","overlay-opacity":"","overlay-gradient":""}},"ast-content-background-meta":{"desktop":{"background-color":"var(--ast-global-color-5)","background-image":"","background-repeat":"repeat","background-position":"center center","background-size":"auto","background-attachment":"scroll","background-type":"","background-media":"","overlay-type":"","overlay-color":"","overlay-opacity":"","overlay-gradient":""},"tablet":{"background-color":"var(--ast-global-color-5)","background-image":"","background-repeat":"repeat","background-position":"center center","background-size":"auto","background-attachment":"scroll","background-type":"","background-media":"","overlay-type":"","overlay-color":"","overlay-opacity":"","overlay-gradient":""},"mobile":{"background-color":"var(--ast-global-color-5)","background-image":"","background-repeat":"repeat","background-position":"center center","background-size":"auto","background-attachment":"scroll","background-type":"","background-media":"","overlay-type":"","overlay-color":"","overlay-opacity":"","overlay-gradient":""}},"footnotes":""},"class_list":["post-3631","page","type-page","status-publish","hentry"],"uagb_featured_image_src":{"full":false,"thumbnail":false,"medium":false,"medium_large":false,"large":false,"1536x1536":false,"2048x2048":false,"mailpoet_newsletter_max":false,"woocommerce_thumbnail":false,"woocommerce_single":false,"woocommerce_gallery_thumbnail":false},"uagb_author_info":{"display_name":"Solevatec-admin","author_link":"https:\/\/solevatec.es\/de\/author\/solevatec-admin"},"uagb_comment_info":0,"uagb_excerpt":"SOLEVATEC, S.L. wurde im Juli 2021 mit dem Ziel gegr\u00fcndet, die besten Fachkr\u00e4fte aus den renommiertesten Unternehmen der Branche zusammenzuf\u00fchren. Unser Team stammt aus den technischen und administrativen Abteilungen f\u00fchrender Unternehmen in Spanien und dem Vereinigten K\u00f6nigreich. Diese geb\u00fcndelte Expertise hat es uns erm\u00f6glicht, ein Unternehmenskonzept zu entwickeln, das auf qualitativ hochwertigen Dienstleistungen, wettbewerbsf\u00e4higen Preisen&hellip;","jetpack_sharing_enabled":true,"_links":{"self":[{"href":"https:\/\/solevatec.es\/de\/wp-json\/wp\/v2\/pages\/3631","targetHints":{"allow":["GET"]}}],"collection":[{"href":"https:\/\/solevatec.es\/de\/wp-json\/wp\/v2\/pages"}],"about":[{"href":"https:\/\/solevatec.es\/de\/wp-json\/wp\/v2\/types\/page"}],"author":[{"embeddable":true,"href":"https:\/\/solevatec.es\/de\/wp-json\/wp\/v2\/users\/1"}],"replies":[{"embeddable":true,"href":"https:\/\/solevatec.es\/de\/wp-json\/wp\/v2\/comments?post=3631"}],"version-history":[{"count":4,"href":"https:\/\/solevatec.es\/de\/wp-json\/wp\/v2\/pages\/3631\/revisions"}],"predecessor-version":[{"id":5665,"href":"https:\/\/solevatec.es\/de\/wp-json\/wp\/v2\/pages\/3631\/revisions\/5665"}],"wp:attachment":[{"href":"https:\/\/solevatec.es\/de\/wp-json\/wp\/v2\/media?parent=3631"}],"curies":[{"name":"wp","href":"https:\/\/api.w.org\/{rel}","templated":true}]}}