{"id":3629,"date":"2022-04-20T21:48:01","date_gmt":"2022-04-20T21:48:01","guid":{"rendered":"https:\/\/solevatec.es\/preise"},"modified":"2025-11-12T19:46:43","modified_gmt":"2025-11-12T19:46:43","slug":"preise","status":"publish","type":"page","link":"https:\/\/solevatec.es\/de\/preise","title":{"rendered":"Preise"},"content":{"rendered":"\t\t<div data-elementor-type=\"wp-page\" data-elementor-id=\"3629\" class=\"elementor elementor-3629 elementor-3183\" data-elementor-post-type=\"page\">\n\t\t\t\t<div class=\"elementor-element elementor-element-7ca1876 e-con-full e-flex e-con e-parent\" data-id=\"7ca1876\" data-element_type=\"container\" data-e-type=\"container\" data-settings=\"{&quot;background_background&quot;:&quot;classic&quot;}\">\n\t\t<div class=\"elementor-element elementor-element-f057c0a e-con-full e-flex e-con e-child\" data-id=\"f057c0a\" data-element_type=\"container\" data-e-type=\"container\">\n\t\t<div class=\"elementor-element elementor-element-cf35022 e-con-full e-flex e-con e-child\" data-id=\"cf35022\" data-element_type=\"container\" data-e-type=\"container\" data-settings=\"{&quot;background_background&quot;:&quot;classic&quot;}\">\n\t\t\t\t<div class=\"elementor-element elementor-element-6f775ca elementor-position-inline-start elementor-view-default elementor-mobile-position-block-start elementor-widget elementor-widget-icon-box\" data-id=\"6f775ca\" data-element_type=\"widget\" data-e-type=\"widget\" data-widget_type=\"icon-box.default\">\n\t\t\t\t<div class=\"elementor-widget-container\">\n\t\t\t\t\t\t\t<div class=\"elementor-icon-box-wrapper\">\n\n\t\t\t\t\t\t<div class=\"elementor-icon-box-icon\">\n\t\t\t\t<span  class=\"elementor-icon\">\n\t\t\t\t<svg aria-hidden=\"true\" class=\"e-font-icon-svg e-fas-cogs\" viewBox=\"0 0 640 512\" xmlns=\"http:\/\/www.w3.org\/2000\/svg\"><path d=\"M512.1 191l-8.2 14.3c-3 5.3-9.4 7.5-15.1 5.4-11.8-4.4-22.6-10.7-32.1-18.6-4.6-3.8-5.8-10.5-2.8-15.7l8.2-14.3c-6.9-8-12.3-17.3-15.9-27.4h-16.5c-6 0-11.2-4.3-12.2-10.3-2-12-2.1-24.6 0-37.1 1-6 6.2-10.4 12.2-10.4h16.5c3.6-10.1 9-19.4 15.9-27.4l-8.2-14.3c-3-5.2-1.9-11.9 2.8-15.7 9.5-7.9 20.4-14.2 32.1-18.6 5.7-2.1 12.1.1 15.1 5.4l8.2 14.3c10.5-1.9 21.2-1.9 31.7 0L552 6.3c3-5.3 9.4-7.5 15.1-5.4 11.8 4.4 22.6 10.7 32.1 18.6 4.6 3.8 5.8 10.5 2.8 15.7l-8.2 14.3c6.9 8 12.3 17.3 15.9 27.4h16.5c6 0 11.2 4.3 12.2 10.3 2 12 2.1 24.6 0 37.1-1 6-6.2 10.4-12.2 10.4h-16.5c-3.6 10.1-9 19.4-15.9 27.4l8.2 14.3c3 5.2 1.9 11.9-2.8 15.7-9.5 7.9-20.4 14.2-32.1 18.6-5.7 2.1-12.1-.1-15.1-5.4l-8.2-14.3c-10.4 1.9-21.2 1.9-31.7 0zm-10.5-58.8c38.5 29.6 82.4-14.3 52.8-52.8-38.5-29.7-82.4 14.3-52.8 52.8zM386.3 286.1l33.7 16.8c10.1 5.8 14.5 18.1 10.5 29.1-8.9 24.2-26.4 46.4-42.6 65.8-7.4 8.9-20.2 11.1-30.3 5.3l-29.1-16.8c-16 13.7-34.6 24.6-54.9 31.7v33.6c0 11.6-8.3 21.6-19.7 23.6-24.6 4.2-50.4 4.4-75.9 0-11.5-2-20-11.9-20-23.6V418c-20.3-7.2-38.9-18-54.9-31.7L74 403c-10 5.8-22.9 3.6-30.3-5.3-16.2-19.4-33.3-41.6-42.2-65.7-4-10.9.4-23.2 10.5-29.1l33.3-16.8c-3.9-20.9-3.9-42.4 0-63.4L12 205.8c-10.1-5.8-14.6-18.1-10.5-29 8.9-24.2 26-46.4 42.2-65.8 7.4-8.9 20.2-11.1 30.3-5.3l29.1 16.8c16-13.7 34.6-24.6 54.9-31.7V57.1c0-11.5 8.2-21.5 19.6-23.5 24.6-4.2 50.5-4.4 76-.1 11.5 2 20 11.9 20 23.6v33.6c20.3 7.2 38.9 18 54.9 31.7l29.1-16.8c10-5.8 22.9-3.6 30.3 5.3 16.2 19.4 33.2 41.6 42.1 65.8 4 10.9.1 23.2-10 29.1l-33.7 16.8c3.9 21 3.9 42.5 0 63.5zm-117.6 21.1c59.2-77-28.7-164.9-105.7-105.7-59.2 77 28.7 164.9 105.7 105.7zm243.4 182.7l-8.2 14.3c-3 5.3-9.4 7.5-15.1 5.4-11.8-4.4-22.6-10.7-32.1-18.6-4.6-3.8-5.8-10.5-2.8-15.7l8.2-14.3c-6.9-8-12.3-17.3-15.9-27.4h-16.5c-6 0-11.2-4.3-12.2-10.3-2-12-2.1-24.6 0-37.1 1-6 6.2-10.4 12.2-10.4h16.5c3.6-10.1 9-19.4 15.9-27.4l-8.2-14.3c-3-5.2-1.9-11.9 2.8-15.7 9.5-7.9 20.4-14.2 32.1-18.6 5.7-2.1 12.1.1 15.1 5.4l8.2 14.3c10.5-1.9 21.2-1.9 31.7 0l8.2-14.3c3-5.3 9.4-7.5 15.1-5.4 11.8 4.4 22.6 10.7 32.1 18.6 4.6 3.8 5.8 10.5 2.8 15.7l-8.2 14.3c6.9 8 12.3 17.3 15.9 27.4h16.5c6 0 11.2 4.3 12.2 10.3 2 12 2.1 24.6 0 37.1-1 6-6.2 10.4-12.2 10.4h-16.5c-3.6 10.1-9 19.4-15.9 27.4l8.2 14.3c3 5.2 1.9 11.9-2.8 15.7-9.5 7.9-20.4 14.2-32.1 18.6-5.7 2.1-12.1-.1-15.1-5.4l-8.2-14.3c-10.4 1.9-21.2 1.9-31.7 0zM501.6 431c38.5 29.6 82.4-14.3 52.8-52.8-38.5-29.6-82.4 14.3-52.8 52.8z\"><\/path><\/svg>\t\t\t\t<\/span>\n\t\t\t<\/div>\n\t\t\t\n\t\t\t\t\t\t<div class=\"elementor-icon-box-content\">\n\n\t\t\t\t\t\t\t\t\t<h3 class=\"elementor-icon-box-title\">\n\t\t\t\t\t\t<span  >\n\t\t\t\t\t\t\tUnverzichtbar:\t\t\t\t\t\t<\/span>\n\t\t\t\t\t<\/h3>\n\t\t\t\t\n\t\t\t\t\t\t\t\t\t<p class=\"elementor-icon-box-description\">\n\t\t\t\t\t\t1. wir \u00fcberpr\u00fcfen Ihr Ger\u00e4t und senden Ihnen innerhalb von 24-72 Stunden einen Kostenvoranschlag f\u00fcr die Reparatur.<br><br>2. wir kommen zur Sache und reparieren nur den diagnostizierten Fehler, um Ihnen den bestm\u00f6glichen Preis zu bieten. Die Reparatur wird innerhalb von 5 bis 10 Arbeitstagen nach schriftlicher Annahme des erhaltenen Angebots durchgef\u00fchrt. <br><br>3. DIE Reparatur ist durch eine 28-t\u00e4gige Garantie abgedeckt, die sich ausschlie\u00dflich auf den diagnostizierten und reparierten Fehler bezieht. (*)<br><br>Hinweis: Im Durchschnitt sind die Reparaturkosten in diesem Modus 40% g\u00fcnstiger als unser <i>Volltarif<\/i>.  \t\t\t\t\t<\/p>\n\t\t\t\t\n\t\t\t<\/div>\n\t\t\t\n\t\t<\/div>\n\t\t\t\t\t\t<\/div>\n\t\t\t\t<\/div>\n\t\t\t\t<\/div>\n\t\t<div class=\"elementor-element elementor-element-620b0f8 e-con-full e-flex e-con e-child\" data-id=\"620b0f8\" data-element_type=\"container\" data-e-type=\"container\" data-settings=\"{&quot;background_background&quot;:&quot;classic&quot;}\">\n\t\t\t\t<div class=\"elementor-element elementor-element-3d33546 elementor-position-inline-start elementor-view-default elementor-mobile-position-block-start elementor-widget elementor-widget-icon-box\" data-id=\"3d33546\" data-element_type=\"widget\" data-e-type=\"widget\" data-widget_type=\"icon-box.default\">\n\t\t\t\t<div class=\"elementor-widget-container\">\n\t\t\t\t\t\t\t<div class=\"elementor-icon-box-wrapper\">\n\n\t\t\t\t\t\t<div class=\"elementor-icon-box-icon\">\n\t\t\t\t<span  class=\"elementor-icon\">\n\t\t\t\t<svg aria-hidden=\"true\" class=\"e-font-icon-svg e-fas-gem\" viewBox=\"0 0 576 512\" xmlns=\"http:\/\/www.w3.org\/2000\/svg\"><path d=\"M485.5 0L576 160H474.9L405.7 0h79.8zm-128 0l69.2 160H149.3L218.5 0h139zm-267 0h79.8l-69.2 160H0L90.5 0zM0 192h100.7l123 251.7c1.5 3.1-2.7 5.9-5 3.3L0 192zm148.2 0h279.6l-137 318.2c-1 2.4-4.5 2.4-5.5 0L148.2 192zm204.1 251.7l123-251.7H576L357.3 446.9c-2.3 2.7-6.5-.1-5-3.2z\"><\/path><\/svg>\t\t\t\t<\/span>\n\t\t\t<\/div>\n\t\t\t\n\t\t\t\t\t\t<div class=\"elementor-icon-box-content\">\n\n\t\t\t\t\t\t\t\t\t<h3 class=\"elementor-icon-box-title\">\n\t\t\t\t\t\t<span  >\n\t\t\t\t\t\t\tVollst\u00e4ndig:\t\t\t\t\t\t<\/span>\n\t\t\t\t\t<\/h3>\n\t\t\t\t\n\t\t\t\t\t\t\t\t\t<p class=\"elementor-icon-box-description\">\n\t\t\t\t\t\t1. Dies ist unsere standardm\u00e4\u00dfige und empfohlene Arbeitsweise.<br><br>2. Wir haben einen festen und tabellarischen Preis f\u00fcr die meisten Wechselrichter der spanischen Aufzugsflotte (mehr als 60 Modelle von Frequenzumrichtern), so dass der Kostenvoranschlag innerhalb von 24 Stunden nach Erhalt der Ger\u00e4te verschickt wird. Au\u00dferdem verf\u00fcgen unsere konsolidierten Verb\u00fcndeten \u00fcber diese vollst\u00e4ndige Liste, und nur bei ungew\u00f6hnlichen Ger\u00e4ten m\u00fcssen sie die Ger\u00e4te zur \u00dcberpr\u00fcfung und Preisangabe einschicken. <br><br>3. Der Service umfasst: \u00dcberholung, Diagnose, Reparatur, vorbeugende Wartung und Funktionskontrolle.<br><br>4. Es verf\u00fcgt \u00fcber eine umfassende Garantie von 1 Jahr. Das bedeutet, dass das Ger\u00e4t f\u00fcr alle auftretenden Probleme abgedeckt ist, unabh\u00e4ngig davon, ob sie mit dem zuerst behobenen Fehler zusammenh\u00e4ngen oder nicht. In diesem Modus k\u00f6nnen Sie eine Garantieverl\u00e4ngerung auf 2 Jahre beantragen. <br><br>5. Die Reparaturzeit betr\u00e4gt 5 bis 10 Arbeitstage nach schriftlicher Annahme des Angebots. (*)  \t\t\t\t\t<\/p>\n\t\t\t\t\n\t\t\t<\/div>\n\t\t\t\n\t\t<\/div>\n\t\t\t\t\t\t<\/div>\n\t\t\t\t<\/div>\n\t\t\t\t<\/div>\n\t\t<div class=\"elementor-element elementor-element-a7c7c3f e-con-full e-flex e-con e-child\" data-id=\"a7c7c3f\" data-element_type=\"container\" data-e-type=\"container\" data-settings=\"{&quot;background_background&quot;:&quot;classic&quot;}\">\n\t\t\t\t<div class=\"elementor-element elementor-element-a92f246 elementor-position-inline-start elementor-view-default elementor-mobile-position-block-start elementor-widget elementor-widget-icon-box\" data-id=\"a92f246\" data-element_type=\"widget\" data-e-type=\"widget\" data-widget_type=\"icon-box.default\">\n\t\t\t\t<div class=\"elementor-widget-container\">\n\t\t\t\t\t\t\t<div class=\"elementor-icon-box-wrapper\">\n\n\t\t\t\t\t\t<div class=\"elementor-icon-box-icon\">\n\t\t\t\t<span  class=\"elementor-icon\">\n\t\t\t\t<svg aria-hidden=\"true\" class=\"e-font-icon-svg e-fas-rocket\" viewBox=\"0 0 512 512\" xmlns=\"http:\/\/www.w3.org\/2000\/svg\"><path d=\"M505.12019,19.09375c-1.18945-5.53125-6.65819-11-12.207-12.1875C460.716,0,435.507,0,410.40747,0,307.17523,0,245.26909,55.20312,199.05238,128H94.83772c-16.34763.01562-35.55658,11.875-42.88664,26.48438L2.51562,253.29688A28.4,28.4,0,0,0,0,264a24.00867,24.00867,0,0,0,24.00582,24H127.81618l-22.47457,22.46875c-11.36521,11.36133-12.99607,32.25781,0,45.25L156.24582,406.625c11.15623,11.1875,32.15619,13.15625,45.27726,0l22.47457-22.46875V488a24.00867,24.00867,0,0,0,24.00581,24,28.55934,28.55934,0,0,0,10.707-2.51562l98.72834-49.39063c14.62888-7.29687,26.50776-26.5,26.50776-42.85937V312.79688c72.59753-46.3125,128.03493-108.40626,128.03493-211.09376C512.07526,76.5,512.07526,51.29688,505.12019,19.09375ZM384.04033,168A40,40,0,1,1,424.05,128,40.02322,40.02322,0,0,1,384.04033,168Z\"><\/path><\/svg>\t\t\t\t<\/span>\n\t\t\t<\/div>\n\t\t\t\n\t\t\t\t\t\t<div class=\"elementor-icon-box-content\">\n\n\t\t\t\t\t\t\t\t\t<h3 class=\"elementor-icon-box-title\">\n\t\t\t\t\t\t<span  >\n\t\t\t\t\t\t\tExpress:\t\t\t\t\t\t<\/span>\n\t\t\t\t\t<\/h3>\n\t\t\t\t\n\t\t\t\t\t\t\t\t\t<p class=\"elementor-icon-box-description\">\n\t\t\t\t\t\tEs handelt sich um genau den gleichen Service wie bei unserem <i>Volltarif<\/i>, aber wir f\u00fchren die Reparatur innerhalb von 24 bis 72 Stunden durch. F\u00fcr diesen Service wird eine zus\u00e4tzliche Geb\u00fchr erhoben. <br><br>(*) Bei allen Dienstleistungen h\u00e4ngt die Reparaturzeit immer von der Verf\u00fcgbarkeit von Ersatzteilen ab. Wann immer unsere Dienstleistungen 10 Arbeitstage \u00fcberschreiten k\u00f6nnten, werden wir Sie schriftlich \u00fcber die M\u00f6glichkeit einer Verz\u00f6gerung informieren. <br><br>Wir bieten auch einen Austauschservice an, oder Sie k\u00f6nnen eines unserer general\u00fcberholten Ger\u00e4te mit 1 oder 2 Jahren Vollgarantie erwerben.\t\t\t\t\t<\/p>\n\t\t\t\t\n\t\t\t<\/div>\n\t\t\t\n\t\t<\/div>\n\t\t\t\t\t\t<\/div>\n\t\t\t\t<\/div>\n\t\t\t\t<\/div>\n\t\t<div class=\"elementor-element elementor-element-b32a3f7 e-con-full e-flex e-con e-child\" data-id=\"b32a3f7\" data-element_type=\"container\" data-e-type=\"container\">\n\t\t\t\t<div class=\"elementor-element elementor-element-31a07c5 elementor-widget elementor-widget-heading\" data-id=\"31a07c5\" data-element_type=\"widget\" data-e-type=\"widget\" data-widget_type=\"heading.default\">\n\t\t\t\t<div class=\"elementor-widget-container\">\n\t\t\t\t\t<h3 class=\"elementor-heading-title elementor-size-default\">Reparaturtarife<\/h3>\t\t\t\t<\/div>\n\t\t\t\t<\/div>\n\t\t\t\t<div class=\"elementor-element elementor-element-2a82a15 elementor-widget__width-inherit elementor-widget elementor-widget-image\" data-id=\"2a82a15\" data-element_type=\"widget\" data-e-type=\"widget\" data-settings=\"{&quot;_animation&quot;:&quot;none&quot;}\" data-widget_type=\"image.default\">\n\t\t\t\t<div class=\"elementor-widget-container\">\n\t\t\t\t\t\t\t\t\t\t\t\t\t\t\t<img fetchpriority=\"high\" decoding=\"async\" width=\"1024\" height=\"398\" src=\"https:\/\/solevatec.es\/wp-content\/uploads\/2025\/11\/Cuadro-de-tarifas-con-imagen-de-soporte-Solevatec-DE-1024x398.jpg\" class=\"attachment-large size-large wp-image-4980\" alt=\"\" srcset=\"https:\/\/solevatec.es\/wp-content\/uploads\/2025\/11\/Cuadro-de-tarifas-con-imagen-de-soporte-Solevatec-DE-1024x398.jpg 1024w, https:\/\/solevatec.es\/wp-content\/uploads\/2025\/11\/Cuadro-de-tarifas-con-imagen-de-soporte-Solevatec-DE-300x117.jpg 300w, https:\/\/solevatec.es\/wp-content\/uploads\/2025\/11\/Cuadro-de-tarifas-con-imagen-de-soporte-Solevatec-DE-768x299.jpg 768w, https:\/\/solevatec.es\/wp-content\/uploads\/2025\/11\/Cuadro-de-tarifas-con-imagen-de-soporte-Solevatec-DE-1536x597.jpg 1536w, https:\/\/solevatec.es\/wp-content\/uploads\/2025\/11\/Cuadro-de-tarifas-con-imagen-de-soporte-Solevatec-DE-1320x513.jpg 1320w, https:\/\/solevatec.es\/wp-content\/uploads\/2025\/11\/Cuadro-de-tarifas-con-imagen-de-soporte-Solevatec-DE-600x233.jpg 600w, https:\/\/solevatec.es\/wp-content\/uploads\/2025\/11\/Cuadro-de-tarifas-con-imagen-de-soporte-Solevatec-DE.jpg 1800w\" sizes=\"(max-width: 1024px) 100vw, 1024px\" \/>\t\t\t\t\t\t\t\t\t\t\t\t\t\t\t<\/div>\n\t\t\t\t<\/div>\n\t\t\t\t<\/div>\n\t\t\t\t<\/div>\n\t\t\t\t<\/div>\n\t\t\t\t<\/div>\n\t\t","protected":false},"excerpt":{"rendered":"<p>Unverzichtbar: 1. wir \u00fcberpr\u00fcfen Ihr Ger\u00e4t und senden Ihnen innerhalb von 24-72 Stunden einen Kostenvoranschlag f\u00fcr die Reparatur. 2. wir kommen zur Sache und reparieren nur den diagnostizierten Fehler, um Ihnen den bestm\u00f6glichen Preis zu bieten. Die Reparatur wird innerhalb von 5 bis 10 Arbeitstagen nach schriftlicher Annahme des erhaltenen Angebots durchgef\u00fchrt. 3. DIE Reparatur [&hellip;]<\/p>\n","protected":false},"author":1,"featured_media":0,"parent":0,"menu_order":0,"comment_status":"closed","ping_status":"closed","template":"","meta":{"_uag_custom_page_level_css":"","site-sidebar-layout":"default","site-content-layout":"content-boxed-container","ast-site-content-layout":"normal-width-container","site-content-style":"boxed","site-sidebar-style":"unboxed","ast-global-header-display":"","ast-banner-title-visibility":"","ast-main-header-display":"","ast-hfb-above-header-display":"","ast-hfb-below-header-display":"","ast-hfb-mobile-header-display":"","site-post-title":"","ast-breadcrumbs-content":"","ast-featured-img":"","footer-sml-layout":"","ast-disable-related-posts":"","theme-transparent-header-meta":"","adv-header-id-meta":"","stick-header-meta":"","header-above-stick-meta":"","header-main-stick-meta":"","header-below-stick-meta":"","astra-migrate-meta-layouts":"default","ast-page-background-enabled":"default","ast-page-background-meta":{"desktop":{"background-color":"","background-image":"","background-repeat":"repeat","background-position":"center center","background-size":"auto","background-attachment":"scroll","background-type":"","background-media":"","overlay-type":"","overlay-color":"","overlay-opacity":"","overlay-gradient":""},"tablet":{"background-color":"","background-image":"","background-repeat":"repeat","background-position":"center center","background-size":"auto","background-attachment":"scroll","background-type":"","background-media":"","overlay-type":"","overlay-color":"","overlay-opacity":"","overlay-gradient":""},"mobile":{"background-color":"","background-image":"","background-repeat":"repeat","background-position":"center center","background-size":"auto","background-attachment":"scroll","background-type":"","background-media":"","overlay-type":"","overlay-color":"","overlay-opacity":"","overlay-gradient":""}},"ast-content-background-meta":{"desktop":{"background-color":"var(--ast-global-color-5)","background-image":"","background-repeat":"repeat","background-position":"center center","background-size":"auto","background-attachment":"scroll","background-type":"","background-media":"","overlay-type":"","overlay-color":"","overlay-opacity":"","overlay-gradient":""},"tablet":{"background-color":"var(--ast-global-color-5)","background-image":"","background-repeat":"repeat","background-position":"center center","background-size":"auto","background-attachment":"scroll","background-type":"","background-media":"","overlay-type":"","overlay-color":"","overlay-opacity":"","overlay-gradient":""},"mobile":{"background-color":"var(--ast-global-color-5)","background-image":"","background-repeat":"repeat","background-position":"center center","background-size":"auto","background-attachment":"scroll","background-type":"","background-media":"","overlay-type":"","overlay-color":"","overlay-opacity":"","overlay-gradient":""}},"footnotes":""},"class_list":["post-3629","page","type-page","status-publish","hentry"],"uagb_featured_image_src":{"full":false,"thumbnail":false,"medium":false,"medium_large":false,"large":false,"1536x1536":false,"2048x2048":false,"mailpoet_newsletter_max":false,"woocommerce_thumbnail":false,"woocommerce_single":false,"woocommerce_gallery_thumbnail":false},"uagb_author_info":{"display_name":"Solevatec-admin","author_link":"https:\/\/solevatec.es\/de\/author\/solevatec-admin"},"uagb_comment_info":0,"uagb_excerpt":"Unverzichtbar: 1. wir \u00fcberpr\u00fcfen Ihr Ger\u00e4t und senden Ihnen innerhalb von 24-72 Stunden einen Kostenvoranschlag f\u00fcr die Reparatur. 2. wir kommen zur Sache und reparieren nur den diagnostizierten Fehler, um Ihnen den bestm\u00f6glichen Preis zu bieten. Die Reparatur wird innerhalb von 5 bis 10 Arbeitstagen nach schriftlicher Annahme des erhaltenen Angebots durchgef\u00fchrt. 3. DIE Reparatur&hellip;","jetpack_sharing_enabled":true,"_links":{"self":[{"href":"https:\/\/solevatec.es\/de\/wp-json\/wp\/v2\/pages\/3629","targetHints":{"allow":["GET"]}}],"collection":[{"href":"https:\/\/solevatec.es\/de\/wp-json\/wp\/v2\/pages"}],"about":[{"href":"https:\/\/solevatec.es\/de\/wp-json\/wp\/v2\/types\/page"}],"author":[{"embeddable":true,"href":"https:\/\/solevatec.es\/de\/wp-json\/wp\/v2\/users\/1"}],"replies":[{"embeddable":true,"href":"https:\/\/solevatec.es\/de\/wp-json\/wp\/v2\/comments?post=3629"}],"version-history":[{"count":4,"href":"https:\/\/solevatec.es\/de\/wp-json\/wp\/v2\/pages\/3629\/revisions"}],"predecessor-version":[{"id":5153,"href":"https:\/\/solevatec.es\/de\/wp-json\/wp\/v2\/pages\/3629\/revisions\/5153"}],"wp:attachment":[{"href":"https:\/\/solevatec.es\/de\/wp-json\/wp\/v2\/media?parent=3629"}],"curies":[{"name":"wp","href":"https:\/\/api.w.org\/{rel}","templated":true}]}}